{"id":12,"date":"2011-05-18T11:10:53","date_gmt":"2011-05-18T11:10:53","guid":{"rendered":"http:\/\/www.ansichtskartenmesse-stuttgart.de\/?page_id=12"},"modified":"2023-02-09T10:26:15","modified_gmt":"2023-02-09T10:26:15","slug":"anreise-unterkunft","status":"publish","type":"page","link":"https:\/\/www.ansichtskartenmesse-stuttgart.de\/fr\/anreise-unterkunft","title":{"rendered":"Anreise &#038; Unterkunft"},"content":{"rendered":"<div style=\"padding: 0.6em;\">\n<div style=\"padding: 0.6em;\">\n<p><strong>Voyage par train<\/strong><\/p>\n<p>De la gare de Stuttgart environ 10 minutes aller \u00e0 pied<\/p>\n<p>Ou avec le tram U 7 ou U 14 jusqu\u2019au Berliner Platz<\/p>\n<p><strong>Voyage par avion<\/strong><\/p>\n<p>De l\u2019a\u00e9roport avec le m\u00e9tro S2 ou S3 jusqu&#8217;\u00e0 la gare de Stuttgart<br \/>\n(environs 20 minutes)<\/p>\n<p><strong>H\u00f4tels <\/strong><\/p>\n<p><strong>Achat Hotel<\/strong><\/p>\n<p>Wollinstra\u00dfe 6<\/p>\n<p>70439 Stuttgart<\/p>\n<p>Telefon: 0711 820080<\/p>\n<p><strong>Hotel Landschloss Korntal<\/strong><\/p>\n<p>Saalplatz 5<\/p>\n<p>70825 Korntal<\/p>\n<p>Tel. 0711 8388800<\/p>\n<p><strong>enjoy Hotel Garni Korntal<\/strong><\/p>\n<p>Zuffenhauser Str. 67<\/p>\n<p>70825 Korntal<\/p>\n<p>Tel. 0711 837019<\/p>\n<\/div>\n<\/div>\n","protected":false},"excerpt":{"rendered":"<p>Voyage par train De la gare de Stuttgart environ 10 minutes aller \u00e0 pied Ou avec le tram U 7 ou U 14 jusqu\u2019au Berliner Platz Voyage par avion De l\u2019a\u00e9roport avec le m\u00e9tro S2 ou S3 jusqu&#8217;\u00e0 la gare de Stuttgart (environs 20 minutes) H\u00f4tels Achat Hotel Wollinstra\u00dfe 6 70439 Stuttgart Telefon: 0711 820080 Hotel Landschloss Korntal Saalplatz 5 70825 Korntal Tel. 0711 8388800 enjoy Hotel Garni Korntal Zuffenhauser Str. 67 70825 Korntal Tel. 0711 837019<\/p>\n","protected":false},"author":1,"featured_media":0,"parent":0,"menu_order":5,"comment_status":"closed","ping_status":"closed","template":"","meta":[],"translation":{"provider":"WPGlobus","version":"2.10.9","language":"fr","enabled_languages":["de","en","fr"],"languages":{"de":{"title":true,"content":true,"excerpt":false},"en":{"title":false,"content":true,"excerpt":false},"fr":{"title":false,"content":true,"excerpt":false}}},"aioseo_notices":[],"_links":{"self":[{"href":"https:\/\/www.ansichtskartenmesse-stuttgart.de\/fr\/wp-json\/wp\/v2\/pages\/12"}],"collection":[{"href":"https:\/\/www.ansichtskartenmesse-stuttgart.de\/fr\/wp-json\/wp\/v2\/pages"}],"about":[{"href":"https:\/\/www.ansichtskartenmesse-stuttgart.de\/fr\/wp-json\/wp\/v2\/types\/page"}],"author":[{"embeddable":true,"href":"https:\/\/www.ansichtskartenmesse-stuttgart.de\/fr\/wp-json\/wp\/v2\/users\/1"}],"replies":[{"embeddable":true,"href":"https:\/\/www.ansichtskartenmesse-stuttgart.de\/fr\/wp-json\/wp\/v2\/comments?post=12"}],"version-history":[{"count":13,"href":"https:\/\/www.ansichtskartenmesse-stuttgart.de\/fr\/wp-json\/wp\/v2\/pages\/12\/revisions"}],"predecessor-version":[{"id":288,"href":"https:\/\/www.ansichtskartenmesse-stuttgart.de\/fr\/wp-json\/wp\/v2\/pages\/12\/revisions\/288"}],"wp:attachment":[{"href":"https:\/\/www.ansichtskartenmesse-stuttgart.de\/fr\/wp-json\/wp\/v2\/media?parent=12"}],"curies":[{"name":"wp","href":"https:\/\/api.w.org\/{rel}","templated":true}]}}