{"id":190,"date":"2018-04-11T19:03:41","date_gmt":"2018-04-11T19:03:41","guid":{"rendered":"http:\/\/www.ansichtskartenmesse-stuttgart.de\/?page_id=190"},"modified":"2026-03-24T19:23:51","modified_gmt":"2026-03-24T19:23:51","slug":"datenschutzerklaerung","status":"publish","type":"page","link":"https:\/\/www.ansichtskartenmesse-stuttgart.de\/fr\/datenschutzerklaerung","title":{"rendered":"Datenschutzerkl\u00e4rung"},"content":{"rendered":"<div class=\"Container\">\n<div class=\"Wrapper\"><main id=\"Content\"><\/p>\n<div class=\"clearfix\">\n<h1><\/h1>\n<h2>1) Einleitung und Kontaktdaten des Verantwortlichen<\/h2>\n<p><b>1.1<\/b>\u00a0Wir freuen uns, dass Sie unsere Website besuchen, und bedanken uns f\u00fcr Ihr Interesse. Im Folgenden informieren wir Sie \u00fcber den Umgang mit Ihren personenbezogenen Daten bei der Nutzung unserer Website. Personenbezogene Daten sind hierbei alle Daten, mit denen Sie pers\u00f6nlich identifiziert werden k\u00f6nnen.<\/p>\n<p><b>1.2<\/b>\u00a0Verantwortlicher f\u00fcr die Datenverarbeitung auf dieser Website im Sinne der Datenschutz-Grundverordnung (DSGVO) ist Andreas Wohnsiedler, Solitudeallee 85, 70825 Korntal-M\u00fcnchingen, Deutschland, Tel.: 0711\/834907, E-Mail: info@ansichtskartenwelt.de. Der f\u00fcr die Verarbeitung von personenbezogenen Daten Verantwortliche ist diejenige nat\u00fcrliche oder juristische Person, die allein oder gemeinsam mit anderen \u00fcber die Zwecke und Mittel der Verarbeitung von personenbezogenen Daten entscheidet.<\/p>\n<h2>2) Datenerfassung beim Besuch unserer Website<\/h2>\n<p><b>2.1<\/b>\u00a0Bei der blo\u00df informatorischen Nutzung unserer Website, also wenn Sie sich nicht registrieren oder uns anderweitig Informationen \u00fcbermitteln, erheben wir nur solche Daten, die Ihr Browser an den Seitenserver \u00fcbermittelt (sog. \u201eServer-Logfiles\u201c). Wenn Sie unsere Website aufrufen, erheben wir die folgenden Daten, die f\u00fcr uns technisch erforderlich sind, um Ihnen die Website anzuzeigen:<\/p>\n<ul>\n<li>Unsere besuchte Website<\/li>\n<li>Datum und Uhrzeit zum Zeitpunkt des Zugriffes<\/li>\n<li>Menge der gesendeten Daten in Byte<\/li>\n<li>Quelle\/Verweis, von welchem Sie auf die Seite gelangten<\/li>\n<li>Verwendeter Browser<\/li>\n<li>Verwendetes Betriebssystem<\/li>\n<li>Verwendete IP-Adresse (ggf.: in anonymisierter Form)<\/li>\n<\/ul>\n<p>Die Verarbeitung erfolgt gem\u00e4\u00df Art. 6 Abs. 1 lit. f DSGVO auf Basis unseres berechtigten Interesses an der Verbesserung der Stabilit\u00e4t und Funktionalit\u00e4t unserer Website. Eine Weitergabe oder anderweitige Verwendung der Daten findet nicht statt. Wir behalten uns allerdings vor, die Server-Logfiles nachtr\u00e4glich zu \u00fcberpr\u00fcfen, sollten konkrete Anhaltspunkte auf eine rechtswidrige Nutzung hinweisen.<\/p>\n<p><b>2.2<\/b>\u00a0Diese Website nutzt aus Sicherheitsgr\u00fcnden und zum Schutz der \u00dcbertragung personenbezogener Daten und anderer vertraulicher Inhalte (z.B. Bestellungen oder Anfragen an den Verantwortlichen) eine SSL-bzw. TLS-Verschl\u00fcsselung. Sie k\u00f6nnen eine verschl\u00fcsselte Verbindung an der Zeichenfolge \u201ehttps:\/\/\u201c und dem Schloss-Symbol in Ihrer Browserzeile erkennen.<\/p>\n<h2>3) Cookies<\/h2>\n<p>Um den Besuch unserer Website attraktiv zu gestalten und die Nutzung bestimmter Funktionen zu erm\u00f6glichen, verwenden wir Cookies, also kleine Textdateien, die auf Ihrem Endger\u00e4t abgelegt werden. Teilweise werden diese Cookies nach Schlie\u00dfen des Browsers automatisch wieder gel\u00f6scht (sog. \u201eSession-Cookies\u201c), teilweise verbleiben diese Cookies l\u00e4nger auf Ihrem Endger\u00e4t und erm\u00f6glichen das Speichern von Seiteneinstellungen (sog. \u201epersistente Cookies\u201c). Im letzteren Fall k\u00f6nnen Sie die Speicherdauer der \u00dcbersicht zu den Cookie-Einstellungen Ihres Webbrowsers entnehmen.<\/p>\n<p>Sofern durch einzelne von uns eingesetzte Cookies auch personenbezogene Daten verarbeitet werden, erfolgt die Verarbeitung gem\u00e4\u00df Art. 6 Abs. 1 lit. b DSGVO entweder zur Durchf\u00fchrung des Vertrages, gem\u00e4\u00df Art. 6 Abs. 1 lit. a DSGVO im Falle einer erteilten Einwilligung oder gem\u00e4\u00df Art. 6 Abs. 1 lit. f DSGVO zur Wahrung unserer berechtigten Interessen an der bestm\u00f6glichen Funktionalit\u00e4t der Website sowie einer kundenfreundlichen und effektiven Ausgestaltung des Seitenbesuchs.<\/p>\n<p>Sie k\u00f6nnen Ihren Browser so einstellen, dass Sie \u00fcber das Setzen von Cookies informiert werden und einzeln \u00fcber deren Annahme entscheiden oder die Annahme von Cookies f\u00fcr bestimmte F\u00e4lle oder generell ausschlie\u00dfen k\u00f6nnen.<\/p>\n<p>Bitte beachten Sie, dass bei Nichtannahme von Cookies die Funktionalit\u00e4t unserer Website eingeschr\u00e4nkt sein kann.<\/p>\n<h2>4) Kontaktaufnahme<\/h2>\n<p>Im Rahmen der Kontaktaufnahme mit uns (z.B. per Kontaktformular oder E-Mail) werden personenbezogene Daten erhoben. Welche Daten im Falle der Nutzung eines Kontaktformulars erhoben werden, ist aus dem jeweiligen Kontaktformular ersichtlich. Diese Daten werden ausschlie\u00dflich zum Zweck der Beantwortung Ihres Anliegens bzw. f\u00fcr die Kontaktaufnahme und die damit verbundene technische Administration gespeichert und verwendet.<\/p>\n<p>Rechtsgrundlage f\u00fcr die Verarbeitung dieser Daten ist unser berechtigtes Interesse an der Beantwortung Ihres Anliegens gem\u00e4\u00df Art. 6 Abs. 1 lit. f DSGVO. Zielt Ihre Kontaktierung auf den Abschluss eines Vertrages ab, so ist zus\u00e4tzliche Rechtsgrundlage f\u00fcr die Verarbeitung Art. 6 Abs. 1 lit. b DSGVO. Ihre Daten werden nach abschlie\u00dfender Bearbeitung Ihrer Anfrage gel\u00f6scht. Dies ist der Fall, wenn sich aus den Umst\u00e4nden entnehmen l\u00e4sst, dass der betroffene Sachverhalt abschlie\u00dfend gekl\u00e4rt ist und sofern keine gesetzlichen Aufbewahrungspflichten entgegenstehen.<\/p>\n<h2>5) Seitenfunktionalit\u00e4ten<\/h2>\n<p><b>5.1<\/b>\u00a0Facebook-Plugins<\/p>\n<p>Auf unserer Website werden Plugins des sozialen Netzwerkes des folgenden Anbieters verwendet: Meta Platforms Ireland Ltd., 4 Grand Canal Square, Grand Canal Harbour, Dublin 2, Irland<\/p>\n<p>Diese Plugins erm\u00f6glichen direkte Interaktionen mit Inhalten auf dem sozialen Netzwerk.<\/p>\n<p>Um den Schutz Ihrer Daten beim Besuch unserer Website zu erh\u00f6hen, sind die Plugins zun\u00e4chst deaktiviert mittels sogenannter \u201e2-Klick\u201c- oder \u201eShariff\u201c-L\u00f6sung in die Seite eingebunden.<\/p>\n<p>Diese Einbindung gew\u00e4hrleistet, dass beim Aufruf einer Seite unseres Webauftritts, die solche Plugins enth\u00e4lt, noch keine Verbindung mit den Servern des Anbieters hergestellt wird.<\/p>\n<p>Erst wenn Sie die Plugins aktivieren und damit gem\u00e4\u00df Art. 6 Abs. 1 lit. a DSGVO Ihre Einwilligung in die Daten\u00fcbermittlung erteilen, stellt Ihr Browser eine direkte Verbindung zu den Servern des Anbieters her. Hierbei werden, unabh\u00e4ngig von einem Login in ein vorhandenes Nutzerprofil, in bestimmtem Umfang Informationen \u00fcber Ihr verwendetes Endger\u00e4t (darunter Ihre IP-Adresse), Ihren Browser und Ihren Seitenverlauf an den Anbieter \u00fcbermittelt und dort gegebenenfalls weiterverarbeitet.<\/p>\n<p>Wenn Sie in ein vorhandenes Nutzerprofil auf dem sozialen Netzwerk des Anbieters eingeloggt sind, werden Informationen zu \u00fcber die Plugins vollzogenen Interaktionen au\u00dferdem dort ver\u00f6ffentlicht und Ihren Kontakten angezeigt.<br \/>\nSie k\u00f6nnen Ihre Einwilligung jederzeit widerrufen indem Sie das aktivierte Plugin durch erneutes Anklicken wieder deaktivieren. Der Widerruf hat jedoch keinen Einfluss auf die Daten, die bereits an den Anbieter \u00fcbertragen wurden.<\/p>\n<p>Daten k\u00f6nnen zudem \u00fcbertragen werden an: Meta Platforms Inc., USA<\/p>\n<p>Wir haben mit dem Anbieter einen Auftragsverarbeitungsvertrag geschlossen, der den Schutz der Daten unserer Seitenbesucher sicherstellt und eine unberechtigte Weitergabe an Dritte untersagt.<\/p>\n<p>F\u00fcr Daten\u00fcbermittlungen in die USA hat sich der Anbieter dem EU-US-Datenschutzrahmen (EU-US Data Privacy Framework) angeschlossen, das auf Basis eines Angemessenheitsbeschlusses der Europ\u00e4ischen Kommission die Einhaltung des europ\u00e4ischen Datenschutzniveaus sicherstellt.<\/p>\n<p><b>5.2<\/b>\u00a0Facebook Connect<\/p>\n<p>Auf unserer Website stellen wir eine Single-Sign-On-Funktion des folgenden Anbieters bereit: Meta Platforms Ireland Ltd., 4 Grand Canal Square, Grand Canal Harbour, Dublin 2, Irland<\/p>\n<p>Neben einer \u00dcbermittlung von Daten an den o.g. Anbieterstandort k\u00f6nnen Daten auch \u00fcbermittelt werden an: Meta Platforms Inc., USA<\/p>\n<p>Wenn Sie \u00fcber einen Account beim Anbieter verf\u00fcgen, k\u00f6nnen Sie sich mit diesen Accountdaten zur Erstellung eines Benutzerkontos bzw. zur Registrierung auf unserer Website anmelden.<\/p>\n<p>Beim Besuch dieser Seite kann \u00fcber diese Anmeldefunktion eine direkte Verbindung zwischen Ihrem Browser und den Servern des Anbieters hergestellt werden, auch wenn Sie keinen Account beim Anbieter besitzen oder nicht in einen solchen eingeloggt sind. Der Anbieter erh\u00e4lt dadurch die Information, dass Sie unsere Seite besucht haben. Die insofern erhobenen Informationen (ggf. einschlie\u00dflich Ihrer IP-Adresse) werden von Ihrem Browser direkt an einen Server des Anbieters \u00fcbermittelt und dort gespeichert. Die Informationen werden jedoch nicht dazu verwendet, Sie pers\u00f6nlich zu identifizieren, und werden nicht an Dritte weitergegeben.<\/p>\n<p>Diese Datenverarbeitungsvorg\u00e4nge erfolgen gem\u00e4\u00df Art. 6 Abs. 1 lit. f DSGVO auf Basis unseres berechtigten Interesses an einer nutzerfreundlichen und interaktiven Ausgestaltung unseres Online-Auftritts.<\/p>\n<p>Bet\u00e4tigen Sie den Anmeldebutton, um sich mit den Daten Ihres Accounts beim Anbieter auf unserer Website zu registrieren, \u00fcbermittelt der Anbieter ausschlie\u00dflich auf Basis Ihrer ausdr\u00fccklichen Einwilligung gem\u00e4\u00df Art. 6 Abs. 1 lit. a DSGVO die in Ihrem Account hinterlegten allgemeinen und \u00f6ffentlichen zug\u00e4nglichen Informationen (Nutzer-ID, Name, Anschrift, Mailadresse, Alter und Geschlecht) an uns.<\/p>\n<p>Wir speichern und verwenden die vom Anbieter \u00fcbermittelten Daten zur Einrichtung eines Benutzerkontos mit den notwendigen Daten (Anrede, Vorname, Nachname, Adressdaten, Land, E-Mail-Adresse, Geburtsdatum), sofern Sie diese gegen\u00fcber dem Anbieter freigegeben haben. Umgekehrt k\u00f6nnen auf Basis Ihrer Einwilligung Daten (z.B. Informationen \u00fcber Ihr Surf- oder Kaufverhalten) von uns auf Ihren Account beim Anbieter \u00fcbertragen werden.<\/p>\n<p>Die erteilte Einwilligung kann jederzeit mit Wirkung f\u00fcr die Zukunft uns gegen\u00fcber widerrufen werden.<\/p>\n<p>F\u00fcr Daten\u00fcbermittlungen in die USA hat sich der Anbieter dem EU-US-Datenschutzrahmen (EU-US Data Privacy Framework) angeschlossen, das auf Basis eines Angemessenheitsbeschlusses der Europ\u00e4ischen Kommission die Einhaltung des europ\u00e4ischen Datenschutzniveaus\u00a0sicherstellt.<\/p>\n<p><b>5.3<\/b>\u00a0Google Web Fonts<\/p>\n<p>Diese Seite nutzt zur einheitlichen Darstellung von Schriftarten sogenannte Web Fonts des folgenden Anbieters: Google Ireland Limited, Gordon House, 4 Barrow St, Dublin, D04 E5W5, Irland<\/p>\n<p>Beim Aufruf einer Seite l\u00e4dt Ihr Browser die ben\u00f6tigten Web Fonts in ihren Browser-Cache, um Texte und Schriftarten korrekt anzuzeigen und stellt eine direkte Verbindung zu den Servern des Anbieters her. Hierbei werden bestimmte Browserinformationen, einschlie\u00dflich Ihrer IP-Adresse, an den Anbieter \u00fcbermittelt.<\/p>\n<p>Daten k\u00f6nnen zudem \u00fcbermittelt werden an: Google LLC, USA<\/p>\n<p>Die Verarbeitung von personenbezogenen Daten im Zuge der Verbindungsaufnahme mit dem Anbieter der Schriftarten wird nur dann vollzogen, wenn Sie uns gem\u00e4\u00df Art. 6 Abs. 1 lit. a DSGVO dazu Ihre ausdr\u00fcckliche Einwilligung erteilt haben. Sie k\u00f6nnen Ihre erteilte Einwilligung jederzeit mit Wirkung f\u00fcr die Zukunft widerrufen, indem Sie diesen Dienst \u00fcber das auf der Webseite bereitgestellte \u201eCookie-Consent-Tool\u201c deaktivieren. Falls Ihr Browser keine Web Fonts unterst\u00fctzt, wird eine Standardschrift von Ihrem Computer genutzt.<\/p>\n<p>F\u00fcr Daten\u00fcbermittlungen in die USA hat sich der Anbieter dem EU-US-Datenschutzrahmen (EU-US Data Privacy Framework) angeschlossen, das auf Basis eines Angemessenheitsbeschlusses der Europ\u00e4ischen Kommission die Einhaltung des europ\u00e4ischen Datenschutzniveaus\u00a0sicherstellt.<\/p>\n<p>Weitere Hinweise zu den Datenschutzbestimmungen von Google finden sich hier: <a href=\"https:\/\/business.safety.google\/intl\/de\/privacy\/\" target=\"_blank\" rel=\"noopener\">https:\/\/business.safety.google<wbr \/>\/intl<wbr \/>\/de<wbr \/>\/privacy<wbr \/>\/<\/a><\/p>\n<h2>6) Rechte des Betroffenen<\/h2>\n<p><b>6.1<\/b>\u00a0Das geltende Datenschutzrecht gew\u00e4hrt Ihnen gegen\u00fcber dem Verantwortlichen hinsichtlich der Verarbeitung Ihrer personenbezogenen Daten die nachstehenden Betroffenenrechte (Auskunfts- und Interventionsrechte), wobei f\u00fcr die jeweiligen Aus\u00fcbungsvoraussetzungen auf die angef\u00fchrte Rechtsgrundlage verwiesen wird:<\/p>\n<ul>\n<li>Auskunftsrecht gem\u00e4\u00df Art. 15 DSGVO;<\/li>\n<li>Recht auf Berichtigung gem\u00e4\u00df Art. 16 DSGVO;<\/li>\n<li>Recht auf L\u00f6schung gem\u00e4\u00df Art. 17 DSGVO;<\/li>\n<li>Recht auf Einschr\u00e4nkung der Verarbeitung gem\u00e4\u00df Art. 18 DSGVO;<\/li>\n<li>Recht auf Unterrichtung gem\u00e4\u00df Art. 19 DSGVO;<\/li>\n<li>Recht auf Daten\u00fcbertragbarkeit gem\u00e4\u00df Art. 20 DSGVO;<\/li>\n<li>Recht auf Widerruf erteilter Einwilligungen gem\u00e4\u00df Art. 7 Abs. 3 DSGVO;<\/li>\n<li>Recht auf Beschwerde gem\u00e4\u00df Art. 77 DSGVO.<\/li>\n<\/ul>\n<p><b>6.2<\/b>\u00a0WIDERSPRUCHSRECHT<\/p>\n<p>WENN WIR IM RAHMEN EINER INTERESSENABW\u00c4GUNG IHRE PERSONENBEZOGENEN DATEN AUFGRUND UNSERES \u00dcBERWIEGENDEN BERECHTIGTEN INTERESSES VERARBEITEN, HABEN SIE DAS JEDERZEITIGE RECHT, AUS GR\u00dcNDEN, DIE SICH AUS IHRER BESONDEREN SITUATION ERGEBEN, GEGEN DIESE VERARBEITUNG WIDERSPRUCH MIT WIRKUNG F\u00dcR DIE ZUKUNFT EINZULEGEN.<\/p>\n<p>MACHEN SIE VON IHREM WIDERSPRUCHSRECHT GEBRAUCH, BEENDEN WIR DIE VERARBEITUNG DER BETROFFENEN DATEN. EINE WEITERVERARBEITUNG BLEIBT ABER VORBEHALTEN, WENN WIR ZWINGENDE SCHUTZW\u00dcRDIGE GR\u00dcNDE F\u00dcR DIE VERARBEITUNG NACHWEISEN K\u00d6NNEN, DIE IHRE INTERESSEN, GRUNDRECHTE UND GRUNDFREIHEITEN \u00dcBERWIEGEN, ODER WENN DIE VERARBEITUNG DER GELTENDMACHUNG, AUS\u00dcBUNG ODER VERTEIDIGUNG VON RECHTSANSPR\u00dcCHEN DIENT.<\/p>\n<p>WERDEN IHRE PERSONENBEZOGENEN DATEN VON UNS VERARBEITET, UM DIREKTWERBUNG ZU BETREIBEN, HABEN SIE DAS RECHT, JEDERZEIT WIDERSPRUCH GEGEN DIE VERARBEITUNG SIE BETREFFENDER PERSONENBEZOGENER DATEN ZUM ZWECKE DERARTIGER WERBUNG EINZULEGEN. SIE K\u00d6NNEN DEN WIDERSPRUCH WIE OBEN BESCHRIEBEN AUS\u00dcBEN.<\/p>\n<p>MACHEN SIE VON IHREM WIDERSPRUCHSRECHT GEBRAUCH, BEENDEN WIR DIE VERARBEITUNG DER BETROFFENEN DATEN ZU DIREKTWERBEZWECKEN.<\/p>\n<h2>7) Dauer der Speicherung personenbezogener Daten<\/h2>\n<p>Die Dauer der Speicherung von personenbezogenen Daten bemisst sich anhand der jeweiligen Rechtsgrundlage, am Verarbeitungszweck und \u2013 sofern einschl\u00e4gig \u2013 zus\u00e4tzlich anhand der jeweiligen gesetzlichen Aufbewahrungsfrist (z.B. handels- und steuerrechtliche Aufbewahrungsfristen).<\/p>\n<p>Bei der Verarbeitung von personenbezogenen Daten auf Grundlage einer ausdr\u00fccklichen Einwilligung gem\u00e4\u00df Art. 6 Abs. 1 lit. a DSGVO werden die betroffenen Daten so lange gespeichert, bis Sie Ihre Einwilligung widerrufen.<\/p>\n<p>Existieren gesetzliche Aufbewahrungsfristen f\u00fcr Daten, die im Rahmen rechtsgesch\u00e4ftlicher bzw. rechtsgesch\u00e4fts\u00e4hnlicher Verpflichtungen auf der Grundlage von Art. 6 Abs. 1 lit. b DSGVO verarbeitet werden, werden diese Daten nach Ablauf der Aufbewahrungsfristen routinem\u00e4\u00dfig gel\u00f6scht, sofern sie nicht mehr zur Vertragserf\u00fcllung oder Vertragsanbahnung erforderlich sind und\/oder unsererseits kein berechtigtes Interesse an der Weiterspeicherung fortbesteht.<\/p>\n<p>Bei der Verarbeitung von personenbezogenen Daten auf Grundlage von Art. 6 Abs. 1 lit. f DSGVO werden diese Daten so lange gespeichert, bis Sie Ihr Widerspruchsrecht nach Art. 21 Abs. 1 DSGVO aus\u00fcben, es sei denn, wir k\u00f6nnen zwingende schutzw\u00fcrdige Gr\u00fcnde f\u00fcr die Verarbeitung nachweisen, die Ihre Interessen, Rechte und Freiheiten \u00fcberwiegen, oder die Verarbeitung dient der Geltendmachung, Aus\u00fcbung oder Verteidigung von Rechtsanspr\u00fcchen.<\/p>\n<p>Bei der Verarbeitung von personenbezogenen Daten zum Zwecke der Direktwerbung auf Grundlage von Art. 6 Abs. 1 lit. f DSGVO werden diese Daten so lange gespeichert, bis Sie Ihr Widerspruchsrecht nach Art. 21 Abs. 2 DSGVO aus\u00fcben.<\/p>\n<p>Sofern sich aus den sonstigen Informationen dieser Erkl\u00e4rung \u00fcber spezifische Verarbeitungssituationen nichts anderes ergibt, werden gespeicherte personenbezogene Daten im \u00dcbrigen dann gel\u00f6scht, wenn sie f\u00fcr die Zwecke, f\u00fcr die sie erhoben oder auf sonstige Weise verarbeitet wurden, nicht mehr notwendig sind.<\/p>\n<\/div>\n<p><\/main><\/p>\n<div><\/div>\n<\/div>\n<\/div>\n<div class=\"Container\"><\/div>\n<div class=\"Container itrk-bg-blue\"><\/div>\n","protected":false},"excerpt":{"rendered":"<p>1) Einleitung und Kontaktdaten des Verantwortlichen 1.1\u00a0Wir freuen uns, dass Sie unsere Website besuchen, und bedanken uns f\u00fcr Ihr Interesse. Im Folgenden informieren wir Sie \u00fcber den Umgang mit Ihren personenbezogenen Daten bei der Nutzung unserer Website. Personenbezogene Daten sind hierbei alle Daten, mit denen Sie pers\u00f6nlich identifiziert werden k\u00f6nnen. 1.2\u00a0Verantwortlicher f\u00fcr die Datenverarbeitung auf dieser Website im Sinne der Datenschutz-Grundverordnung (DSGVO) ist Andreas Wohnsiedler, Solitudeallee 85, 70825 Korntal-M\u00fcnchingen, Deutschland, Tel.: 0711\/834907, E-Mail: info@ansichtskartenwelt.de. Der f\u00fcr die Verarbeitung von personenbezogenen&#8230;<\/p>\n<p class=\"read-more\"><a class=\"btn btn-default\" href=\"https:\/\/www.ansichtskartenmesse-stuttgart.de\/fr\/datenschutzerklaerung\"> Read More<span class=\"screen-reader-text\">  Read More<\/span><\/a><\/p>\n","protected":false},"author":1,"featured_media":0,"parent":0,"menu_order":0,"comment_status":"closed","ping_status":"closed","template":"","meta":[],"translation":{"provider":"WPGlobus","version":"2.10.9","language":"fr","enabled_languages":["de","en","fr"],"languages":{"de":{"title":true,"content":true,"excerpt":false},"en":{"title":false,"content":false,"excerpt":false},"fr":{"title":false,"content":false,"excerpt":false}}},"aioseo_notices":[],"_links":{"self":[{"href":"https:\/\/www.ansichtskartenmesse-stuttgart.de\/fr\/wp-json\/wp\/v2\/pages\/190"}],"collection":[{"href":"https:\/\/www.ansichtskartenmesse-stuttgart.de\/fr\/wp-json\/wp\/v2\/pages"}],"about":[{"href":"https:\/\/www.ansichtskartenmesse-stuttgart.de\/fr\/wp-json\/wp\/v2\/types\/page"}],"author":[{"embeddable":true,"href":"https:\/\/www.ansichtskartenmesse-stuttgart.de\/fr\/wp-json\/wp\/v2\/users\/1"}],"replies":[{"embeddable":true,"href":"https:\/\/www.ansichtskartenmesse-stuttgart.de\/fr\/wp-json\/wp\/v2\/comments?post=190"}],"version-history":[{"count":4,"href":"https:\/\/www.ansichtskartenmesse-stuttgart.de\/fr\/wp-json\/wp\/v2\/pages\/190\/revisions"}],"predecessor-version":[{"id":325,"href":"https:\/\/www.ansichtskartenmesse-stuttgart.de\/fr\/wp-json\/wp\/v2\/pages\/190\/revisions\/325"}],"wp:attachment":[{"href":"https:\/\/www.ansichtskartenmesse-stuttgart.de\/fr\/wp-json\/wp\/v2\/media?parent=190"}],"curies":[{"name":"wp","href":"https:\/\/api.w.org\/{rel}","templated":true}]}}