{"id":21,"date":"2011-05-18T11:35:20","date_gmt":"2011-05-18T11:35:20","guid":{"rendered":"http:\/\/www.ansichtskartenmesse-stuttgart.de\/?page_id=21"},"modified":"2023-02-09T10:52:29","modified_gmt":"2023-02-09T10:52:29","slug":"impressum","status":"publish","type":"page","link":"https:\/\/www.ansichtskartenmesse-stuttgart.de\/fr\/impressum","title":{"rendered":"Impressum"},"content":{"rendered":"<div style=\"padding-bottom: 0.6em; padding-left: 0.6em; padding-right: 0.6em; padding-top: 0.6em\">Indications conform\u00e9ment \u00a7 \u00e0 5 TMG : Andreas Wohnsiedler Korntaler Ansichtskarten Versand Solitudeallee 85 70825 Korntal-M\u00fcnchingen T\u00e9l. 0711\/83 49 07 T\u00e9l\u00e9copie. 0711\/83 88 560 E-mail : info@ansichtskartenwelt.de www.ansichtskartenwelt.de R\u00e9pondre des contenus Les contenus de nos c\u00f4t\u00e9s ont \u00e9t\u00e9 fournis avec le plus grand soin. Pour la justesse, la pl\u00e9nitude et l&#8217;actualit\u00e9 des contenus, nous ne pouvons pas toutefois nous charger de garantie. En tant que fournisseurs de services nous sommes conforme \u00a7 responsables \u00e0 7 Abs.1 TMG de propres contenus sur ces c\u00f4t\u00e9s d&#8217;apr\u00e8s les lois g\u00e9n\u00e9rales. Apr\u00e8s \u00a7\u00a7 8 \u00e0 10 TMG, nous en tant que fournisseurs de services sommes cependant n&#8217;obligeons pas \u00e0 surveiller des informations \u00e9trang\u00e8res communiqu\u00e9es ou stock\u00e9es ou \u00e0 rechercher apr\u00e8s les circonstances qui font remarquer une activit\u00e9 ill\u00e9gale. Des obligations de la distance ou du blocage de l&#8217;utilisation des informations d&#8217;apr\u00e8s les lois g\u00e9n\u00e9rales restent inchang\u00e9es. Une responsabilit\u00e9 \u00e0 ce sujet est toutefois seulement possible \u00e0 partir du moment de la connaissance d&#8217;une infraction \u00e0 la loi concr\u00e8te. Lors de la divulgation des infractions \u00e0 la loi correspondantes, nous \u00e9liminerons imm\u00e9diatement ces contenus. R\u00e9pondre \u00e0 gauche Notre offre contient \u00e0 gauche des pages web trop externes de troisi\u00e8mes, sur les contenus desquels nous n&#8217;avons pas d&#8217;influence. Par cons\u00e9quent, nous ne pouvons pas non plus nous charger de garantie pour ces contenus \u00e9trangers. Toujours le soumissionnaire ou l&#8217;op\u00e9rateur respectif des c\u00f4t\u00e9s est pour les contenus des c\u00f4t\u00e9s verlinkten responsable. Les c\u00f4t\u00e9s verlinkten ont \u00e9t\u00e9 r\u00e9examin\u00e9s au moment le Verlinkung sur des violations de la loi possibles. Des contenus ill\u00e9gaux n&#8217;\u00e9taient pas au moment le Verlinkung reconnaissables. Un contr\u00f4le de fond permanent des c\u00f4t\u00e9s verlinkten n&#8217;est pas cependant sans indices concrets d&#8217;une infraction \u00e0 la loi raisonnable. Lors de la divulgation des infractions \u00e0 la loi, nous \u00e9liminerons \u00e0 gauche imm\u00e9diatement de ce genre. Droit d&#8217;auteur Les contenus et travaux fournis par les op\u00e9rateurs de c\u00f4t\u00e9 sur ces c\u00f4t\u00e9s sont soumis au droit d&#8217;auteur allemand. La multiplication, le traitement, la diffusion et le chaque type de valorisation \u00e0 l&#8217;ext\u00e9rieur des fronti\u00e8res du droit d&#8217;auteur requi\u00e8rent le consentement \u00e9crit de l&#8217;auteur et\/ou du cr\u00e9ateur respectif. Le t\u00e9l\u00e9chargement et des copies de ce c\u00f4t\u00e9 ne sont permises que pour l&#8217;utilisation priv\u00e9e et pas commerciale. Pour autant que les contenus sur ce c\u00f4t\u00e9 n&#8217;aient pas \u00e9t\u00e9 fournis par l&#8217;op\u00e9rateur, les droits d&#8217;auteur de troisi\u00e8mes sont consid\u00e9r\u00e9s. Des contenus de troisi\u00e8mes en tant que tels sont marqu\u00e9s en particulier. Si vous deviez devenir attentif malgr\u00e9 tout sur une blessure de droit d&#8217;auteur, nous demandons autour d&#8217;une indication correspondante. Lors de la divulgation des infractions \u00e0 la loi, nous \u00e9liminerons imm\u00e9diatement des contenus de ce genre. Protection des donn\u00e9es L&#8217;utilisation de notre page web est g\u00e9n\u00e9ralement possible sans indication de donn\u00e9es personnelles. Pour autant que de nos c\u00f4t\u00e9s des donn\u00e9es personnelles (par exemple nom, adresse ou eMail-Adressen) sont collect\u00e9es, cela, r\u00e9sulte dans la mesure du possible, toujours d&#8217;une base volontaire. Ces donn\u00e9es ne sont pas transmises dessus sans votre consentement expr\u00e8s troisi\u00e8mes. Nous indication sur que la transmission de donn\u00e9es peut montrer des manques de s\u00e9curit\u00e9 Internet (p. ex. lors de la communication PER e-mail). Une protection compl\u00e8te des donn\u00e9es contre l&#8217;acc\u00e8s troisi\u00e8mes n&#8217;est pas possible. L&#8217;utilisation du dans cadre du devoir d&#8217;empreinte de donn\u00e9es de contact publi\u00e9es le troisi\u00e8me sur l&#8217;envoi d&#8217;une publicit\u00e9 demand\u00e9e pas express\u00e9ment et des documentations est contredit express\u00e9ment par ceci. Les op\u00e9rateurs des c\u00f4t\u00e9s r\u00e9serve express\u00e9ment \u00e9tapes juridiques dans le cas de l&#8217;envoi unverlangten des informations publicitaires, par exemple par des Spam-Mails.<\/div>\n","protected":false},"excerpt":{"rendered":"<p>Indications conform\u00e9ment \u00a7 \u00e0 5 TMG : Andreas Wohnsiedler Korntaler Ansichtskarten Versand Solitudeallee 85 70825 Korntal-M\u00fcnchingen T\u00e9l. 0711\/83 49 07 T\u00e9l\u00e9copie. 0711\/83 88 560 E-mail : info@ansichtskartenwelt.de www.ansichtskartenwelt.de R\u00e9pondre des contenus Les contenus de nos c\u00f4t\u00e9s ont \u00e9t\u00e9 fournis avec le plus grand soin. Pour la justesse, la pl\u00e9nitude et l&#8217;actualit\u00e9 des contenus, nous ne pouvons pas toutefois nous charger de garantie. En tant que fournisseurs de services nous sommes conforme \u00a7 responsables \u00e0 7 Abs.1 TMG de propres contenus&#8230;<\/p>\n<p class=\"read-more\"><a class=\"btn btn-default\" href=\"https:\/\/www.ansichtskartenmesse-stuttgart.de\/fr\/impressum\"> Read More<span class=\"screen-reader-text\">  Read More<\/span><\/a><\/p>\n","protected":false},"author":1,"featured_media":0,"parent":0,"menu_order":8,"comment_status":"closed","ping_status":"closed","template":"","meta":[],"translation":{"provider":"WPGlobus","version":"2.10.9","language":"fr","enabled_languages":["de","en","fr"],"languages":{"de":{"title":true,"content":true,"excerpt":false},"en":{"title":false,"content":true,"excerpt":false},"fr":{"title":false,"content":true,"excerpt":false}}},"aioseo_notices":[],"_links":{"self":[{"href":"https:\/\/www.ansichtskartenmesse-stuttgart.de\/fr\/wp-json\/wp\/v2\/pages\/21"}],"collection":[{"href":"https:\/\/www.ansichtskartenmesse-stuttgart.de\/fr\/wp-json\/wp\/v2\/pages"}],"about":[{"href":"https:\/\/www.ansichtskartenmesse-stuttgart.de\/fr\/wp-json\/wp\/v2\/types\/page"}],"author":[{"embeddable":true,"href":"https:\/\/www.ansichtskartenmesse-stuttgart.de\/fr\/wp-json\/wp\/v2\/users\/1"}],"replies":[{"embeddable":true,"href":"https:\/\/www.ansichtskartenmesse-stuttgart.de\/fr\/wp-json\/wp\/v2\/comments?post=21"}],"version-history":[{"count":9,"href":"https:\/\/www.ansichtskartenmesse-stuttgart.de\/fr\/wp-json\/wp\/v2\/pages\/21\/revisions"}],"predecessor-version":[{"id":301,"href":"https:\/\/www.ansichtskartenmesse-stuttgart.de\/fr\/wp-json\/wp\/v2\/pages\/21\/revisions\/301"}],"wp:attachment":[{"href":"https:\/\/www.ansichtskartenmesse-stuttgart.de\/fr\/wp-json\/wp\/v2\/media?parent=21"}],"curies":[{"name":"wp","href":"https:\/\/api.w.org\/{rel}","templated":true}]}}